{"id":1278,"date":"2024-03-14T13:40:36","date_gmt":"2024-03-14T12:40:36","guid":{"rendered":"https:\/\/www.bodegasgomeznevado.com\/?post_type=product&#038;p=1278"},"modified":"2025-02-24T12:31:42","modified_gmt":"2025-02-24T11:31:42","slug":"seneca-vino-blanco","status":"publish","type":"product","link":"https:\/\/www.bodegasgomeznevado.com\/en\/producto\/seneca-vino-blanco\/","title":{"rendered":"S\u00c9NECA. Vino blanco"},"content":{"rendered":"<p>Vino blanco con crianza en barricas de roble bajo velo de flor durante 3 a\u00f1os m\u00ednimo.<\/p>\n<p>Disponible en 5 y 15 litros.<\/p>\n","protected":false},"excerpt":{"rendered":"<p>Aroma punzante y delicado a la vez, sabor seco y color pajizo. Recomendado para aperitivos, se debe tomar fresco. Con 15% Vol. Alc. Natural.<\/p>\n","protected":false},"featured_media":1279,"comment_status":"open","ping_status":"closed","template":"","meta":[],"product_brand":[],"product_cat":[36,35],"product_tag":[],"class_list":{"0":"post-1278","1":"product","2":"type-product","3":"status-publish","4":"has-post-thumbnail","6":"product_cat-vino-blanco","7":"product_cat-vinos","9":"first","10":"instock","11":"taxable","12":"shipping-taxable","13":"purchasable","14":"product-type-variable"},"_links":{"self":[{"href":"https:\/\/www.bodegasgomeznevado.com\/en\/wp-json\/wp\/v2\/product\/1278","targetHints":{"allow":["GET"]}}],"collection":[{"href":"https:\/\/www.bodegasgomeznevado.com\/en\/wp-json\/wp\/v2\/product"}],"about":[{"href":"https:\/\/www.bodegasgomeznevado.com\/en\/wp-json\/wp\/v2\/types\/product"}],"replies":[{"embeddable":true,"href":"https:\/\/www.bodegasgomeznevado.com\/en\/wp-json\/wp\/v2\/comments?post=1278"}],"wp:featuredmedia":[{"embeddable":true,"href":"https:\/\/www.bodegasgomeznevado.com\/en\/wp-json\/wp\/v2\/media\/1279"}],"wp:attachment":[{"href":"https:\/\/www.bodegasgomeznevado.com\/en\/wp-json\/wp\/v2\/media?parent=1278"}],"wp:term":[{"taxonomy":"product_brand","embeddable":true,"href":"https:\/\/www.bodegasgomeznevado.com\/en\/wp-json\/wp\/v2\/product_brand?post=1278"},{"taxonomy":"product_cat","embeddable":true,"href":"https:\/\/www.bodegasgomeznevado.com\/en\/wp-json\/wp\/v2\/product_cat?post=1278"},{"taxonomy":"product_tag","embeddable":true,"href":"https:\/\/www.bodegasgomeznevado.com\/en\/wp-json\/wp\/v2\/product_tag?post=1278"}],"curies":[{"name":"wp","href":"https:\/\/api.w.org\/{rel}","templated":true}]}}