{"id":1295,"date":"2024-03-14T17:45:03","date_gmt":"2024-03-14T16:45:03","guid":{"rendered":"https:\/\/www.bodegasgomeznevado.com\/?post_type=product&#038;p=1295"},"modified":"2025-02-24T12:30:16","modified_gmt":"2025-02-24T11:30:16","slug":"nevado-vino-blanco","status":"publish","type":"product","link":"https:\/\/www.bodegasgomeznevado.com\/en\/producto\/nevado-vino-blanco\/","title":{"rendered":"NEVADO. Vino blanco"},"content":{"rendered":"<p>Aroma punzante y delicado a la vez, sabor seco y color pajizo. Recomendado para aperitivos, se debe tomar fresco. Con 15,5% Vol. Alc. Natural.<\/p>\n<p>&nbsp;<\/p>\n","protected":false},"excerpt":{"rendered":"<p>Vino blanco con crianza en barricas de roble bajo velo de flor durante 5 a\u00f1os m\u00ednimo, el de m\u00e1s crianza en su categor\u00eda.<\/p>\n","protected":false},"featured_media":1298,"comment_status":"open","ping_status":"closed","template":"","meta":[],"product_brand":[],"product_cat":[36,35],"product_tag":[],"class_list":{"0":"post-1295","1":"product","2":"type-product","3":"status-publish","4":"has-post-thumbnail","6":"product_cat-vino-blanco","7":"product_cat-vinos","9":"first","10":"instock","11":"taxable","12":"shipping-taxable","13":"purchasable","14":"product-type-variable"},"_links":{"self":[{"href":"https:\/\/www.bodegasgomeznevado.com\/en\/wp-json\/wp\/v2\/product\/1295","targetHints":{"allow":["GET"]}}],"collection":[{"href":"https:\/\/www.bodegasgomeznevado.com\/en\/wp-json\/wp\/v2\/product"}],"about":[{"href":"https:\/\/www.bodegasgomeznevado.com\/en\/wp-json\/wp\/v2\/types\/product"}],"replies":[{"embeddable":true,"href":"https:\/\/www.bodegasgomeznevado.com\/en\/wp-json\/wp\/v2\/comments?post=1295"}],"wp:featuredmedia":[{"embeddable":true,"href":"https:\/\/www.bodegasgomeznevado.com\/en\/wp-json\/wp\/v2\/media\/1298"}],"wp:attachment":[{"href":"https:\/\/www.bodegasgomeznevado.com\/en\/wp-json\/wp\/v2\/media?parent=1295"}],"wp:term":[{"taxonomy":"product_brand","embeddable":true,"href":"https:\/\/www.bodegasgomeznevado.com\/en\/wp-json\/wp\/v2\/product_brand?post=1295"},{"taxonomy":"product_cat","embeddable":true,"href":"https:\/\/www.bodegasgomeznevado.com\/en\/wp-json\/wp\/v2\/product_cat?post=1295"},{"taxonomy":"product_tag","embeddable":true,"href":"https:\/\/www.bodegasgomeznevado.com\/en\/wp-json\/wp\/v2\/product_tag?post=1295"}],"curies":[{"name":"wp","href":"https:\/\/api.w.org\/{rel}","templated":true}]}}