{"id":1333,"date":"2024-03-14T18:55:54","date_gmt":"2024-03-14T17:55:54","guid":{"rendered":"https:\/\/www.bodegasgomeznevado.com\/?post_type=product&#038;p=1333"},"modified":"2025-02-24T12:27:01","modified_gmt":"2025-02-24T11:27:01","slug":"2-anos-vino-blanco-color-caoba","status":"publish","type":"product","link":"https:\/\/www.bodegasgomeznevado.com\/en\/producto\/2-anos-vino-blanco-color-caoba\/","title":{"rendered":"2 A\u00d1OS. Vino blanco color caoba"},"content":{"rendered":"<p>Recomendado para aperitivos, se debe tomar fresco. Con 15% Vol. Alc. Natural.<\/p>\n","protected":false},"excerpt":{"rendered":"<p>Vino blanco de color caoba fermentado en dep\u00f3sito inoxidable y corta crianza en barricas de casta\u00f1o, el m\u00e1s joven de la casa. Aroma tostado y sabor seco suave.<\/p>\n","protected":false},"featured_media":1331,"comment_status":"open","ping_status":"closed","template":"","meta":[],"product_brand":[],"product_cat":[36,38,35],"product_tag":[],"class_list":{"0":"post-1333","1":"product","2":"type-product","3":"status-publish","4":"has-post-thumbnail","6":"product_cat-vino-blanco","7":"product_cat-vino-blanco-color-caoba","8":"product_cat-vinos","10":"first","11":"instock","12":"taxable","13":"shipping-taxable","14":"purchasable","15":"product-type-variable"},"_links":{"self":[{"href":"https:\/\/www.bodegasgomeznevado.com\/en\/wp-json\/wp\/v2\/product\/1333","targetHints":{"allow":["GET"]}}],"collection":[{"href":"https:\/\/www.bodegasgomeznevado.com\/en\/wp-json\/wp\/v2\/product"}],"about":[{"href":"https:\/\/www.bodegasgomeznevado.com\/en\/wp-json\/wp\/v2\/types\/product"}],"replies":[{"embeddable":true,"href":"https:\/\/www.bodegasgomeznevado.com\/en\/wp-json\/wp\/v2\/comments?post=1333"}],"wp:featuredmedia":[{"embeddable":true,"href":"https:\/\/www.bodegasgomeznevado.com\/en\/wp-json\/wp\/v2\/media\/1331"}],"wp:attachment":[{"href":"https:\/\/www.bodegasgomeznevado.com\/en\/wp-json\/wp\/v2\/media?parent=1333"}],"wp:term":[{"taxonomy":"product_brand","embeddable":true,"href":"https:\/\/www.bodegasgomeznevado.com\/en\/wp-json\/wp\/v2\/product_brand?post=1333"},{"taxonomy":"product_cat","embeddable":true,"href":"https:\/\/www.bodegasgomeznevado.com\/en\/wp-json\/wp\/v2\/product_cat?post=1333"},{"taxonomy":"product_tag","embeddable":true,"href":"https:\/\/www.bodegasgomeznevado.com\/en\/wp-json\/wp\/v2\/product_tag?post=1333"}],"curies":[{"name":"wp","href":"https:\/\/api.w.org\/{rel}","templated":true}]}}