{"id":1336,"date":"2024-03-14T19:18:52","date_gmt":"2024-03-14T18:18:52","guid":{"rendered":"https:\/\/www.bodegasgomeznevado.com\/?post_type=product&#038;p=1336"},"modified":"2025-02-24T12:24:58","modified_gmt":"2025-02-24T11:24:58","slug":"guadiato-vino-blanco-de-color-caoba","status":"publish","type":"product","link":"https:\/\/www.bodegasgomeznevado.com\/en\/producto\/guadiato-vino-blanco-de-color-caoba\/","title":{"rendered":"GUADIATO. Vino blanco de color caoba"},"content":{"rendered":"<p>Recomendado para aperitivos, (queso curado, jam\u00f3n, almendras) o como condimento en carnes y consom\u00e9s. Con 16% Vol. Alc. Natural.<\/p>\n","protected":false},"excerpt":{"rendered":"<p>Vino blanco de color caoba con crianza en barricas de casta\u00f1o y roble durante 7 a\u00f1os m\u00ednimo. Aroma intenso, con grato gusto a madera, seco.<\/p>\n","protected":false},"featured_media":1337,"comment_status":"open","ping_status":"closed","template":"","meta":[],"product_brand":[],"product_cat":[36,38,35],"product_tag":[],"class_list":{"0":"post-1336","1":"product","2":"type-product","3":"status-publish","4":"has-post-thumbnail","6":"product_cat-vino-blanco","7":"product_cat-vino-blanco-color-caoba","8":"product_cat-vinos","10":"first","11":"instock","12":"featured","13":"taxable","14":"shipping-taxable","15":"purchasable","16":"product-type-variable"},"_links":{"self":[{"href":"https:\/\/www.bodegasgomeznevado.com\/en\/wp-json\/wp\/v2\/product\/1336","targetHints":{"allow":["GET"]}}],"collection":[{"href":"https:\/\/www.bodegasgomeznevado.com\/en\/wp-json\/wp\/v2\/product"}],"about":[{"href":"https:\/\/www.bodegasgomeznevado.com\/en\/wp-json\/wp\/v2\/types\/product"}],"replies":[{"embeddable":true,"href":"https:\/\/www.bodegasgomeznevado.com\/en\/wp-json\/wp\/v2\/comments?post=1336"}],"wp:featuredmedia":[{"embeddable":true,"href":"https:\/\/www.bodegasgomeznevado.com\/en\/wp-json\/wp\/v2\/media\/1337"}],"wp:attachment":[{"href":"https:\/\/www.bodegasgomeznevado.com\/en\/wp-json\/wp\/v2\/media?parent=1336"}],"wp:term":[{"taxonomy":"product_brand","embeddable":true,"href":"https:\/\/www.bodegasgomeznevado.com\/en\/wp-json\/wp\/v2\/product_brand?post=1336"},{"taxonomy":"product_cat","embeddable":true,"href":"https:\/\/www.bodegasgomeznevado.com\/en\/wp-json\/wp\/v2\/product_cat?post=1336"},{"taxonomy":"product_tag","embeddable":true,"href":"https:\/\/www.bodegasgomeznevado.com\/en\/wp-json\/wp\/v2\/product_tag?post=1336"}],"curies":[{"name":"wp","href":"https:\/\/api.w.org\/{rel}","templated":true}]}}