{"id":1342,"date":"2024-03-14T19:33:56","date_gmt":"2024-03-14T18:33:56","guid":{"rendered":"https:\/\/www.bodegasgomeznevado.com\/?post_type=product&#038;p=1342"},"modified":"2025-02-24T12:08:10","modified_gmt":"2025-02-24T11:08:10","slug":"abuelo-vino-blanco-de-color-caoba","status":"publish","type":"product","link":"https:\/\/www.bodegasgomeznevado.com\/en\/producto\/abuelo-vino-blanco-de-color-caoba\/","title":{"rendered":"ABUELO. Vino blanco de color caoba"},"content":{"rendered":"<p>Recomendado para tomar s\u00f3lo o acompa\u00f1ado y disfrutarlo tranquilamente. Con 18% Vol. Alc. Natural.<\/p>\n","protected":false},"excerpt":{"rendered":"<p>Vino blanco de color caoba con crianza en barricas de casta\u00f1o y roble durante 15 a\u00f1os m\u00ednimo. Aroma intenso limpio, muy arom\u00e1tico. Sabor seco con grato gusto a madera y frutos secos.<\/p>\n","protected":false},"featured_media":1345,"comment_status":"open","ping_status":"closed","template":"","meta":[],"product_brand":[],"product_cat":[36,38,35],"product_tag":[],"class_list":{"0":"post-1342","1":"product","2":"type-product","3":"status-publish","4":"has-post-thumbnail","6":"product_cat-vino-blanco","7":"product_cat-vino-blanco-color-caoba","8":"product_cat-vinos","10":"first","11":"instock","12":"featured","13":"taxable","14":"shipping-taxable","15":"purchasable","16":"product-type-variable"},"_links":{"self":[{"href":"https:\/\/www.bodegasgomeznevado.com\/en\/wp-json\/wp\/v2\/product\/1342","targetHints":{"allow":["GET"]}}],"collection":[{"href":"https:\/\/www.bodegasgomeznevado.com\/en\/wp-json\/wp\/v2\/product"}],"about":[{"href":"https:\/\/www.bodegasgomeznevado.com\/en\/wp-json\/wp\/v2\/types\/product"}],"replies":[{"embeddable":true,"href":"https:\/\/www.bodegasgomeznevado.com\/en\/wp-json\/wp\/v2\/comments?post=1342"}],"wp:featuredmedia":[{"embeddable":true,"href":"https:\/\/www.bodegasgomeznevado.com\/en\/wp-json\/wp\/v2\/media\/1345"}],"wp:attachment":[{"href":"https:\/\/www.bodegasgomeznevado.com\/en\/wp-json\/wp\/v2\/media?parent=1342"}],"wp:term":[{"taxonomy":"product_brand","embeddable":true,"href":"https:\/\/www.bodegasgomeznevado.com\/en\/wp-json\/wp\/v2\/product_brand?post=1342"},{"taxonomy":"product_cat","embeddable":true,"href":"https:\/\/www.bodegasgomeznevado.com\/en\/wp-json\/wp\/v2\/product_cat?post=1342"},{"taxonomy":"product_tag","embeddable":true,"href":"https:\/\/www.bodegasgomeznevado.com\/en\/wp-json\/wp\/v2\/product_tag?post=1342"}],"curies":[{"name":"wp","href":"https:\/\/api.w.org\/{rel}","templated":true}]}}